{"id":16,"date":"2019-02-12T19:17:34","date_gmt":"2019-02-12T18:17:34","guid":{"rendered":"http:\/\/www.alayasolidarios.org\/?page_id=16"},"modified":"2019-03-16T00:43:31","modified_gmt":"2019-03-15T23:43:31","slug":"nosotras","status":"publish","type":"page","link":"https:\/\/www.alayasolidarios.org\/?page_id=16","title":{"rendered":"Nuestro equipo"},"content":{"rendered":"\n<hr class=\"wp-block-separator\"\/>\n\n\n\n<div style=\"height:40px\" aria-hidden=\"true\" class=\"wp-block-spacer\"><\/div>\n\n\n\n<p style=\"text-align:center\">Nuestro equipo est\u00e1 formado por <strong>6 mujeres<\/strong> que quieren aportar al mundo su granito de arena para mejorarlo.<\/p>\n\n\n\n<p style=\"text-align:center\">Venimos de mundos distintos pero nos hemos unido porque creemos que <strong>un mundo mejor es posible<\/strong>.<\/p>\n\n\n\n<div style=\"height:30px\" aria-hidden=\"true\" class=\"wp-block-spacer\"><\/div>\n\n\n\n<p><br><\/p>\n\n\n\n<div class=\"wp-block-columns has-2-columns\">\n<div class=\"wp-block-column\">\n<div class=\"wp-block-image\"><figure class=\"alignright\"><img loading=\"lazy\" width=\"300\" height=\"300\" src=\"https:\/\/www.alayasolidarios.org\/wp-content\/uploads\/2019\/02\/irene-300x300.jpg\" alt=\"\" class=\"wp-image-316\" srcset=\"https:\/\/www.alayasolidarios.org\/wp-content\/uploads\/2019\/02\/irene-300x300.jpg 300w, https:\/\/www.alayasolidarios.org\/wp-content\/uploads\/2019\/02\/irene-150x150.jpg 150w, https:\/\/www.alayasolidarios.org\/wp-content\/uploads\/2019\/02\/irene-768x766.jpg 768w, https:\/\/www.alayasolidarios.org\/wp-content\/uploads\/2019\/02\/irene-700x698.jpg 700w, https:\/\/www.alayasolidarios.org\/wp-content\/uploads\/2019\/02\/irene.jpg 1668w\" sizes=\"(max-width: 300px) 100vw, 300px\" \/><figcaption>Irene es la presidenta de nuestra asociaci\u00f3n y un d\u00eda se plante\u00f3 la ayuda solidaria a diferentes causas. Optimista como nadie y propulsora de cualquier peque\u00f1a idea. Fisioterapeuta de formaci\u00f3n con creencias en la inexistencia de l\u00edmites personales, siempre ayudar\u00e1 a sacar lo mejor de ti y estar\u00e1 a tu lado para acompa\u00f1arte en ese viaje. Podemos verla en las im\u00e1genes con dos de sus pasiones, los caballos y la escritura.<\/figcaption><\/figure><\/div>\n<\/div>\n\n\n\n<div class=\"wp-block-column\">\n<div class=\"wp-block-image\"><figure class=\"alignleft\"><img loading=\"lazy\" width=\"300\" height=\"300\" src=\"https:\/\/www.alayasolidarios.org\/wp-content\/uploads\/2019\/02\/ribas1-2-300x300.png\" alt=\"\" class=\"wp-image-161\" srcset=\"https:\/\/www.alayasolidarios.org\/wp-content\/uploads\/2019\/02\/ribas1-2-300x300.png 300w, https:\/\/www.alayasolidarios.org\/wp-content\/uploads\/2019\/02\/ribas1-2-150x150.png 150w, https:\/\/www.alayasolidarios.org\/wp-content\/uploads\/2019\/02\/ribas1-2-768x766.png 768w, https:\/\/www.alayasolidarios.org\/wp-content\/uploads\/2019\/02\/ribas1-2-700x698.png 700w, https:\/\/www.alayasolidarios.org\/wp-content\/uploads\/2019\/02\/ribas1-2.png 1668w\" sizes=\"(max-width: 300px) 100vw, 300px\" \/><figcaption>&nbsp;La improvisaci\u00f3n hecha persona.<br>Cuando Marta dice que \u201cbaila a la vida\u201d os aseguramos que es verdad, es su esencia. Luchadora y abanderada de la libertad, la podemos ver en su explandor m\u00e1ximo cuando dispone su cuerpo a la m\u00fasica y as\u00ed lo demuestra en las clases de danza africana. Por otro lado, tambi\u00e9n nos da calma y relajaci\u00f3n con sus clases de yoga. Marta pasa de 0 a 100 en un abrir y cerrar de ojos.<\/figcaption><\/figure><\/div>\n<\/div>\n<\/div>\n\n\n\n<div class=\"wp-block-columns has-2-columns\">\n<div class=\"wp-block-column\">\n<div class=\"wp-block-image\"><figure class=\"alignright\"><img loading=\"lazy\" width=\"300\" height=\"300\" src=\"https:\/\/www.alayasolidarios.org\/wp-content\/uploads\/2019\/02\/sara1-2-300x300.png\" alt=\"\" class=\"wp-image-171\" srcset=\"https:\/\/www.alayasolidarios.org\/wp-content\/uploads\/2019\/02\/sara1-2-300x300.png 300w, https:\/\/www.alayasolidarios.org\/wp-content\/uploads\/2019\/02\/sara1-2-150x150.png 150w, https:\/\/www.alayasolidarios.org\/wp-content\/uploads\/2019\/02\/sara1-2-768x768.png 768w, https:\/\/www.alayasolidarios.org\/wp-content\/uploads\/2019\/02\/sara1-2-700x700.png 700w, https:\/\/www.alayasolidarios.org\/wp-content\/uploads\/2019\/02\/sara1-2.png 1663w\" sizes=\"(max-width: 300px) 100vw, 300px\" \/><figcaption>Creatividad es su segundo nombre. Tenemos la suerte de disponer de una dise\u00f1adora con unas manos h\u00e1biles en dibujo y edici\u00f3n de videos. La fotograf\u00eda es una de sus pasiones y gracias a ella podemos ver como Alaya y sus seguidores disfrutan de los d\u00edas solidarios que se organizan. La pod\u00e9is buscar en los eventos y pedirle fotos para que os ve\u00e1is en nuestras redes sociales. Gracias por formar parte de Alaya Sara.<\/figcaption><\/figure><\/div>\n<\/div>\n\n\n\n<div class=\"wp-block-column\">\n<div class=\"wp-block-image\"><figure class=\"alignleft\"><img loading=\"lazy\" width=\"300\" height=\"300\" src=\"https:\/\/www.alayasolidarios.org\/wp-content\/uploads\/2019\/02\/ubeda1-1-300x300.png\" alt=\"\" class=\"wp-image-172\" srcset=\"https:\/\/www.alayasolidarios.org\/wp-content\/uploads\/2019\/02\/ubeda1-1-300x300.png 300w, https:\/\/www.alayasolidarios.org\/wp-content\/uploads\/2019\/02\/ubeda1-1-150x150.png 150w, https:\/\/www.alayasolidarios.org\/wp-content\/uploads\/2019\/02\/ubeda1-1-768x766.png 768w, https:\/\/www.alayasolidarios.org\/wp-content\/uploads\/2019\/02\/ubeda1-1-700x698.png 700w, https:\/\/www.alayasolidarios.org\/wp-content\/uploads\/2019\/02\/ubeda1-1.png 1668w\" sizes=\"(max-width: 300px) 100vw, 300px\" \/><figcaption>&nbsp;Lleg\u00f3 la cordura. Con ella ya podemos decir que la ley est\u00e1 con nosotras puesto que contamos con una abogada que, adem\u00e1s de guiarnos en el proceso de hacer grande la asociaci\u00f3n, tiene proyectos muy innovadores entre manos en los que podamos colaborar. Es una gran defensora de los derechos humanitarios (actualmente est\u00e1 cursando estudios sobre esto) en concreto los de las mujeres. Y por encima de todo mucha ilusi\u00f3n y ganas de ayudar.<\/figcaption><\/figure><\/div>\n<\/div>\n<\/div>\n\n\n\n<div class=\"wp-block-columns has-2-columns\">\n<div class=\"wp-block-column\">\n<div class=\"wp-block-image\"><figure class=\"alignright\"><img loading=\"lazy\" width=\"300\" height=\"300\" src=\"https:\/\/www.alayasolidarios.org\/wp-content\/uploads\/2019\/02\/usum1-2-300x300.png\" alt=\"\" class=\"wp-image-174\" srcset=\"https:\/\/www.alayasolidarios.org\/wp-content\/uploads\/2019\/02\/usum1-2-300x300.png 300w, https:\/\/www.alayasolidarios.org\/wp-content\/uploads\/2019\/02\/usum1-2-150x150.png 150w, https:\/\/www.alayasolidarios.org\/wp-content\/uploads\/2019\/02\/usum1-2-768x766.png 768w, https:\/\/www.alayasolidarios.org\/wp-content\/uploads\/2019\/02\/usum1-2-700x698.png 700w, https:\/\/www.alayasolidarios.org\/wp-content\/uploads\/2019\/02\/usum1-2.png 1668w\" sizes=\"(max-width: 300px) 100vw, 300px\" \/><figcaption>\u201cAlma dulce y buena\u201d: Educadora infantil y exploradora de nuevos m\u00e9todos revolucionarios para la crianza primeriza en la vida. Con su vitalidad y energ\u00eda conduce las clases de Alaya Dance como nadie y voluntad le sobra un rato&#8230; Tanto como para ser voluntaria dos veces en menos de un a\u00f1o. Podr\u00edamos decir que su lema es: \u201ctodo esfuerzo tiene su recompensa.\u201d<\/figcaption><\/figure><\/div>\n<\/div>\n\n\n\n<div class=\"wp-block-column\">\n<div class=\"wp-block-image\"><figure class=\"alignleft\"><img loading=\"lazy\" width=\"300\" height=\"300\" src=\"https:\/\/www.alayasolidarios.org\/wp-content\/uploads\/2019\/02\/vega1-1-300x300.png\" alt=\"\" class=\"wp-image-175\" srcset=\"https:\/\/www.alayasolidarios.org\/wp-content\/uploads\/2019\/02\/vega1-1-300x300.png 300w, https:\/\/www.alayasolidarios.org\/wp-content\/uploads\/2019\/02\/vega1-1-150x150.png 150w, https:\/\/www.alayasolidarios.org\/wp-content\/uploads\/2019\/02\/vega1-1-768x767.png 768w, https:\/\/www.alayasolidarios.org\/wp-content\/uploads\/2019\/02\/vega1-1-700x699.png 700w, https:\/\/www.alayasolidarios.org\/wp-content\/uploads\/2019\/02\/vega1-1.png 1667w\" sizes=\"(max-width: 300px) 100vw, 300px\" \/><figcaption>La sonrisa es su marca personal. A Marta no le gustan las medias tintas, por eso apuesta fuerte por Alaya. Nuestra tesorera se dedica a la gesti\u00f3n de cobros en una empresa internacional. Extrovertida y espont\u00e1nea, de risa f\u00e1cil y car\u00e1cter alegre, es una chica muy pro activa y solidaria. Adem\u00e1s, es una gran repostera; venid a nuestras jornadas y podr\u00e9is comprobarlo.<\/figcaption><\/figure><\/div>\n<\/div>\n<\/div>\n","protected":false},"excerpt":{"rendered":"<p>Nuestro equipo est\u00e1 formado por 6 mujeres que quieren aportar al mundo su granito de arena para mejorarlo. Venimos de mundos distintos pero nos hemos unido porque creemos que un mundo mejor es posible.<\/p>\n","protected":false},"author":1,"featured_media":0,"parent":0,"menu_order":0,"comment_status":"closed","ping_status":"closed","template":"","meta":[],"_links":{"self":[{"href":"https:\/\/www.alayasolidarios.org\/index.php?rest_route=\/wp\/v2\/pages\/16"}],"collection":[{"href":"https:\/\/www.alayasolidarios.org\/index.php?rest_route=\/wp\/v2\/pages"}],"about":[{"href":"https:\/\/www.alayasolidarios.org\/index.php?rest_route=\/wp\/v2\/types\/page"}],"author":[{"embeddable":true,"href":"https:\/\/www.alayasolidarios.org\/index.php?rest_route=\/wp\/v2\/users\/1"}],"replies":[{"embeddable":true,"href":"https:\/\/www.alayasolidarios.org\/index.php?rest_route=%2Fwp%2Fv2%2Fcomments&post=16"}],"version-history":[{"count":40,"href":"https:\/\/www.alayasolidarios.org\/index.php?rest_route=\/wp\/v2\/pages\/16\/revisions"}],"predecessor-version":[{"id":434,"href":"https:\/\/www.alayasolidarios.org\/index.php?rest_route=\/wp\/v2\/pages\/16\/revisions\/434"}],"wp:attachment":[{"href":"https:\/\/www.alayasolidarios.org\/index.php?rest_route=%2Fwp%2Fv2%2Fmedia&parent=16"}],"curies":[{"name":"wp","href":"https:\/\/api.w.org\/{rel}","templated":true}]}}