{"id":20,"date":"2019-02-12T19:17:34","date_gmt":"2019-02-12T18:17:34","guid":{"rendered":"http:\/\/www.alayasolidarios.org\/?page_id=20"},"modified":"2019-03-16T00:39:47","modified_gmt":"2019-03-15T23:39:47","slug":"alaya","status":"publish","type":"page","link":"https:\/\/www.alayasolidarios.org\/?page_id=20","title":{"rendered":"Alaya"},"content":{"rendered":"\n<hr class=\"wp-block-separator\"\/>\n\n\n\n<div style=\"height:100px\" aria-hidden=\"true\" class=\"wp-block-spacer\"><\/div>\n\n\n\n<p style=\"text-align:center\" class=\"has-medium-font-size\">Nos identificamos como Alaya, que significa <strong>Alma Universal.<\/strong><\/p>\n\n\n\n<h2 style=\"text-align:center\">\u00bfQuienes somos?<\/h2>\n\n\n\n<p>Alaya Solidarios somos <strong>seis mujeres<\/strong> de diferentes ramas que tenemos la creencia firme de que <strong>un mundo mejor es posible<\/strong>. Seis mujeres que hemos nacido para conocernos, para cogernos de las manos y <strong>caminar un mismo camino<\/strong>, sabiendo que estamos d\u00f3nde queremos estar. No nos resignamos, no aceptamos la situaci\u00f3n, ni la combatimos, simplemente nos plantamos en un bando y gritamos bien alto que un mundo mejor ya existe. Alguien dijo que si una persona pinta su parcela parece que no sirva de nada, pero <strong>si cada uno pinta su propia parcela se pinta el muro entero,<\/strong> muro que nos har\u00e1n elevarnos hasta llegar d\u00f3nde queramos llegar. No creemos en los l\u00edmites, admiramos la bondad humana, <strong>sostenemos que las buenas causas siempre llevan a buenas causas<\/strong>, confiamos en dejar de decir al mundo lo que debe hacer; simplemente hacerlo y tener la esperanza que la gente nos seguir\u00e1.<\/p>\n\n\n\n<h2 style=\"text-align:center\">\u00bfQu\u00e9 hacemos?<\/h2>\n\n\n\n<figure class=\"wp-block-video\"><video autoplay controls loop muted poster=\"\" preload=\"auto\" src=\"https:\/\/www.alayasolidarios.org\/wp-content\/uploads\/2019\/02\/intro.mp4\"><\/video><figcaption><br><\/figcaption><\/figure>\n\n\n\n<p>Alaya est\u00e1 creado para que cada persona independientemente de quien sea o de donde venga pueda aportar su granito de arena. <strong>No tenemos una \u00fanica causa<\/strong>, si no, creemos que cada causa es \u00fanica y tratarla como tal. Nos llega la mirada que traspasa el televisor, la tristeza reflejada en el rostro de las personas refugiadas, esa yegua que necesita ayuda para su operaci\u00f3n, o esos ni\u00f1os que no tienen la mejor infancia. Esas son las cosas que nos mueven, cada persona, cada caso, cada situaci\u00f3n. Las causa est\u00e1n ah\u00ed, nosotras lo \u00fanico que hacemos es abrir los ojos y<strong> hacer lo que m\u00e1s nos gusta uniendo fuerzas para un mundo un poco mejor.&nbsp;<\/strong><\/p>\n\n\n\n<blockquote class=\"wp-block-quote\"><p><strong>\u201cS\u00e9 el cambio que quieras ver en el mundo\u201d .<\/strong><\/p><cite>Mahatma Gandhi<\/cite><\/blockquote>\n","protected":false},"excerpt":{"rendered":"<p>Nos identificamos como Alaya, que significa Alma Universal. \u00bfQuienes somos? Alaya Solidarios somos seis mujeres de diferentes ramas que tenemos la creencia firme de que un mundo mejor es posible. Seis mujeres que hemos nacido para conocernos, para cogernos de las manos y caminar un mismo camino, sabiendo que estamos d\u00f3nde queremos estar. No nos&hellip;<\/p>\n","protected":false},"author":1,"featured_media":352,"parent":0,"menu_order":0,"comment_status":"closed","ping_status":"closed","template":"","meta":[],"_links":{"self":[{"href":"https:\/\/www.alayasolidarios.org\/index.php?rest_route=\/wp\/v2\/pages\/20"}],"collection":[{"href":"https:\/\/www.alayasolidarios.org\/index.php?rest_route=\/wp\/v2\/pages"}],"about":[{"href":"https:\/\/www.alayasolidarios.org\/index.php?rest_route=\/wp\/v2\/types\/page"}],"author":[{"embeddable":true,"href":"https:\/\/www.alayasolidarios.org\/index.php?rest_route=\/wp\/v2\/users\/1"}],"replies":[{"embeddable":true,"href":"https:\/\/www.alayasolidarios.org\/index.php?rest_route=%2Fwp%2Fv2%2Fcomments&post=20"}],"version-history":[{"count":25,"href":"https:\/\/www.alayasolidarios.org\/index.php?rest_route=\/wp\/v2\/pages\/20\/revisions"}],"predecessor-version":[{"id":429,"href":"https:\/\/www.alayasolidarios.org\/index.php?rest_route=\/wp\/v2\/pages\/20\/revisions\/429"}],"wp:featuredmedia":[{"embeddable":true,"href":"https:\/\/www.alayasolidarios.org\/index.php?rest_route=\/wp\/v2\/media\/352"}],"wp:attachment":[{"href":"https:\/\/www.alayasolidarios.org\/index.php?rest_route=%2Fwp%2Fv2%2Fmedia&parent=20"}],"curies":[{"name":"wp","href":"https:\/\/api.w.org\/{rel}","templated":true}]}}