{"id":453,"date":"2019-03-30T20:56:46","date_gmt":"2019-03-30T19:56:46","guid":{"rendered":"http:\/\/www.alayasolidarios.org\/?page_id=453"},"modified":"2019-03-30T23:42:49","modified_gmt":"2019-03-30T22:42:49","slug":"voluntariados","status":"publish","type":"page","link":"https:\/\/www.alayasolidarios.org\/?page_id=453","title":{"rendered":"VOLUNTARIADOS"},"content":{"rendered":"\n<p>\u00bfTe consideras una <strong>persona solidaria<\/strong>?<\/p>\n\n\n\n<p>\u00bfVibras cuando conoces personas que dedican su tiempo y su energ\u00eda a los dem\u00e1s?<\/p>\n\n\n\n<p>\u00bfTe gusta <strong>viajar<\/strong> y conocer otras culturas?<\/p>\n\n\n\n<p>Entonces, sigue leyendo\u2026. \ud83d\ude0a<\/p>\n\n\n\n<p>En Alaya entendemos a las personas que tienes inquietudes m\u00e1s all\u00e1 de su d\u00eda a d\u00eda, <strong>personas que sienten que podr\u00edan hacer algo m\u00e1s<\/strong> de lo que hacen a diario, personas que al fin y al cabo sienten que este mundo necesita de una persona como ellas.&nbsp;<\/p>\n\n\n\n<p>Si sientes que esa persona puedes ser t\u00fa, entonces \u2026. INSISTIMOS: Sigue leyendo \ud83d\ude0a pooooooorqu\u00e9\u2026<\/p>\n\n\n\n<p><strong>\u00a1\u00a1\u00a1Esta es tu oportunidad!!!&nbsp;<\/strong><\/p>\n\n\n\n<p>\u00a1\u00a1\u00a1En Alaya podemos ayudarte!!!<\/p>\n\n\n\n<p>Se llama<strong> VOLUNTARIADO<\/strong><\/p>\n\n\n\n<p>Aqu\u00ed te dejamos informaci\u00f3n de las <strong>ONG\u2019s con las que nosotros colaboramos<\/strong> y conocemos de cerca<\/p>\n\n\n\n<p>Cierto es, que cuando te lanzas a hacer un voluntariado se hace desde la <strong>ilusi\u00f3n y el amor<\/strong>, pero cierto es tambi\u00e9n, que una vez est\u00e1s ah\u00ed no siempre es f\u00e1cil.&nbsp; Se viven situaciones inusuales, los recursos de los que dispones no suelen ser a los que est\u00e1s acostumbrada,<strong> las emociones y los sentimientos son intensos e impactantes<\/strong>, etc. Y es por eso que en Alaya, aunque a\u00fan no podemos ofrecer esta experiencia directamente, hemos querido poneros en contacto con ellas. Son de confianza, peque\u00f1as como nosotras, pero <strong>grandes de coraz\u00f3n.&nbsp;<\/strong><\/p>\n\n\n\n<p><br><\/p>\n\n\n\n<hr class=\"wp-block-separator\"\/>\n\n\n\n<div class=\"wp-block-image\"><figure class=\"aligncenter\"><img loading=\"lazy\" width=\"400\" height=\"400\" src=\"https:\/\/www.alayasolidarios.org\/wp-content\/uploads\/2019\/03\/nousol.jpg\" alt=\"\" class=\"wp-image-469\" srcset=\"https:\/\/www.alayasolidarios.org\/wp-content\/uploads\/2019\/03\/nousol.jpg 400w, https:\/\/www.alayasolidarios.org\/wp-content\/uploads\/2019\/03\/nousol-150x150.jpg 150w, https:\/\/www.alayasolidarios.org\/wp-content\/uploads\/2019\/03\/nousol-300x300.jpg 300w\" sizes=\"(max-width: 400px) 100vw, 400px\" \/><figcaption><strong>Asociaci\u00f3n Socioeducativa NOU SOL<\/strong><br>SI quieres saber mas haz clic <a href=\"https:\/\/www.nousol.org\/es\/\">aqu\u00ed<\/a><\/figcaption><\/figure><\/div>\n\n\n\n<div style=\"height:100px\" aria-hidden=\"true\" class=\"wp-block-spacer\"><\/div>\n\n\n\n<div class=\"wp-block-image\"><figure class=\"aligncenter is-resized\"><img loading=\"lazy\" src=\"https:\/\/www.alayasolidarios.org\/wp-content\/uploads\/2019\/03\/cineastasenaccion.jpg\" alt=\"\" class=\"wp-image-470\" width=\"521\" height=\"250\"\/><figcaption><strong>CINEASTAS EN ACCION<\/strong><br>Si quieres saber m\u00e1s haz clic <a href=\"http:\/\/cineastasenaccion.org\">aqu\u00ed.<\/a><\/figcaption><\/figure><\/div>\n","protected":false},"excerpt":{"rendered":"<p>\u00bfTe consideras una persona solidaria? \u00bfVibras cuando conoces personas que dedican su tiempo y su energ\u00eda a los dem\u00e1s? \u00bfTe gusta viajar y conocer otras culturas? Entonces, sigue leyendo\u2026. \ud83d\ude0a En Alaya entendemos a las personas que tienes inquietudes m\u00e1s all\u00e1 de su d\u00eda a d\u00eda, personas que sienten que podr\u00edan hacer algo m\u00e1s de&hellip;<\/p>\n","protected":false},"author":1,"featured_media":0,"parent":0,"menu_order":0,"comment_status":"closed","ping_status":"closed","template":"","meta":[],"_links":{"self":[{"href":"https:\/\/www.alayasolidarios.org\/index.php?rest_route=\/wp\/v2\/pages\/453"}],"collection":[{"href":"https:\/\/www.alayasolidarios.org\/index.php?rest_route=\/wp\/v2\/pages"}],"about":[{"href":"https:\/\/www.alayasolidarios.org\/index.php?rest_route=\/wp\/v2\/types\/page"}],"author":[{"embeddable":true,"href":"https:\/\/www.alayasolidarios.org\/index.php?rest_route=\/wp\/v2\/users\/1"}],"replies":[{"embeddable":true,"href":"https:\/\/www.alayasolidarios.org\/index.php?rest_route=%2Fwp%2Fv2%2Fcomments&post=453"}],"version-history":[{"count":4,"href":"https:\/\/www.alayasolidarios.org\/index.php?rest_route=\/wp\/v2\/pages\/453\/revisions"}],"predecessor-version":[{"id":473,"href":"https:\/\/www.alayasolidarios.org\/index.php?rest_route=\/wp\/v2\/pages\/453\/revisions\/473"}],"wp:attachment":[{"href":"https:\/\/www.alayasolidarios.org\/index.php?rest_route=%2Fwp%2Fv2%2Fmedia&parent=453"}],"curies":[{"name":"wp","href":"https:\/\/api.w.org\/{rel}","templated":true}]}}